{"id":25,"date":"2024-08-16T08:36:04","date_gmt":"2024-08-16T08:36:04","guid":{"rendered":"https:\/\/gotohaneda.com\/?page_id=25"},"modified":"2024-08-25T18:47:14","modified_gmt":"2024-08-25T18:47:14","slug":"home-2","status":"publish","type":"page","link":"https:\/\/gotohaneda.com\/","title":{"rendered":"Home #2"},"content":{"rendered":"\n<figure class=\"wp-block-image aligncenter size-full\"><img loading=\"lazy\" decoding=\"async\" width=\"741\" height=\"255\" src=\"https:\/\/gotohaneda.com\/wp-content\/uploads\/2024\/08\/logo_actual_website-1.png\" alt=\"\" class=\"wp-image-26\" srcset=\"https:\/\/gotohaneda.com\/wp-content\/uploads\/2024\/08\/logo_actual_website-1.png 741w, https:\/\/gotohaneda.com\/wp-content\/uploads\/2024\/08\/logo_actual_website-1-300x103.png 300w\" sizes=\"auto, (max-width: 741px) 100vw, 741px\" \/><\/figure>\n\n\n\n<p class=\"has-text-align-center has-text-primary-color has-text-color has-link-color has-montserrat-font-family wp-elements-0d8edcef2d9d7b2e2c8a85a0d7c4cd96\" style=\"font-size:39px\"><strong>CHRISTOF ZURSCHMITTEN<\/strong> &amp; SEINE TEXTE<\/p>\n\n\n\n<div class=\"wp-block-group pattern-features p-animation-move-sideways is-layout-constrained wp-container-core-group-is-layout-5986cb94 wp-block-group-is-layout-constrained\" style=\"margin-top:0;margin-bottom:var(--wp--preset--spacing--xx-large);padding-top:0;padding-right:0;padding-bottom:0;padding-left:0\">\n<div class=\"wp-block-columns is-layout-flex wp-container-core-columns-is-layout-315023c4 wp-block-columns-is-layout-flex\" style=\"margin-top:0;margin-bottom:0;padding-top:0;padding-bottom:0\">\n<div class=\"wp-block-column is-vertically-aligned-center is-layout-flow wp-block-column-is-layout-flow\" style=\"padding-top:var(--wp--preset--spacing--medium);padding-right:var(--wp--preset--spacing--small);padding-bottom:var(--wp--preset--spacing--medium);padding-left:var(--wp--preset--spacing--small)\">\n<figure class=\"wp-block-image aligncenter size-full is-resized has-custom-border bk-duotone-primary\"><img loading=\"lazy\" decoding=\"async\" width=\"80\" height=\"80\" src=\"https:\/\/gotohaneda.com\/wp-content\/uploads\/2024\/08\/icon_chronologie.png\" alt=\"\" class=\"has-border-color wp-image-32\" style=\"border-color:#8e8f8f;border-width:1px;border-radius:6px;aspect-ratio:1;object-fit:contain;width:70px\"\/><\/figure>\n\n\n\n<h6 class=\"wp-block-heading has-text-align-center\" style=\"padding-top:var(--wp--preset--spacing--xx-small);letter-spacing:-0.04em;line-height:1.1\">Alle Texte, chronologisch<\/h6>\n<\/div>\n\n\n\n<div class=\"wp-block-column is-vertically-aligned-center has-grey-background-color has-white-background-color has-background is-layout-flow wp-block-column-is-layout-flow\" style=\"padding-top:var(--wp--preset--spacing--medium);padding-right:var(--wp--preset--spacing--small);padding-bottom:var(--wp--preset--spacing--medium);padding-left:var(--wp--preset--spacing--small)\">\n<figure class=\"wp-block-image aligncenter size-full is-resized has-custom-border bk-duotone-primary\"><img loading=\"lazy\" decoding=\"async\" width=\"80\" height=\"80\" src=\"https:\/\/gotohaneda.com\/wp-content\/uploads\/2024\/08\/icon_spielen.png\" alt=\"\" class=\"has-border-color wp-image-33\" style=\"border-color:#8e8f8f;border-width:1px;border-radius:6px;aspect-ratio:1;object-fit:contain;width:70px\"\/><\/figure>\n\n\n\n<h5 class=\"wp-block-heading has-text-align-center\" style=\"padding-top:var(--wp--preset--spacing--xx-small);letter-spacing:-0.03em;line-height:1.1\">Texte \u00fcber Spiele<\/h5>\n<\/div>\n\n\n\n<div class=\"wp-block-column is-vertically-aligned-center is-layout-flow wp-block-column-is-layout-flow\" style=\"border-style:none;border-width:0px;padding-top:var(--wp--preset--spacing--medium);padding-right:var(--wp--preset--spacing--small);padding-bottom:var(--wp--preset--spacing--medium);padding-left:var(--wp--preset--spacing--small)\">\n<figure class=\"wp-block-image aligncenter size-full is-resized has-custom-border bk-duotone-primary wp-duotone-unset-1\"><img loading=\"lazy\" decoding=\"async\" width=\"80\" height=\"80\" src=\"https:\/\/gotohaneda.com\/wp-content\/uploads\/2024\/08\/icon_film.png\" alt=\"\" class=\"has-border-color wp-image-34\" style=\"border-color:#8e8f8f;border-width:1px;border-radius:6px;aspect-ratio:1;object-fit:contain;width:70px\"\/><\/figure>\n\n\n\n<h5 class=\"wp-block-heading has-text-align-center\" style=\"padding-top:var(--wp--preset--spacing--xx-small);letter-spacing:-0.03em;line-height:1.1\">Texte \u00fcber Filme<\/h5>\n<\/div>\n\n\n\n<div class=\"wp-block-column is-layout-flow wp-block-column-is-layout-flow\" style=\"padding-top:var(--wp--preset--spacing--medium);padding-right:var(--wp--preset--spacing--small);padding-bottom:var(--wp--preset--spacing--medium);padding-left:var(--wp--preset--spacing--small)\">\n<figure class=\"wp-block-image aligncenter size-full is-resized has-custom-border bk-duotone-primary is-style-default wp-duotone-unset-2\"><img loading=\"lazy\" decoding=\"async\" width=\"80\" height=\"80\" src=\"https:\/\/gotohaneda.com\/wp-content\/uploads\/2024\/08\/icon_literarische_texte.png\" alt=\"\" class=\"has-border-color wp-image-35\" style=\"border-color:#8e8f8f;border-width:1px;border-radius:6px;box-shadow:none;aspect-ratio:1;object-fit:contain;width:70px\"\/><\/figure>\n\n\n\n<h5 class=\"wp-block-heading has-text-align-center\" style=\"padding-top:var(--wp--preset--spacing--xx-small);letter-spacing:-0.04em;line-height:1.1\">Literarische Texte<\/h5>\n<\/div>\n\n\n\n<div class=\"wp-block-column is-layout-flow wp-block-column-is-layout-flow\" style=\"padding-top:var(--wp--preset--spacing--medium);padding-right:var(--wp--preset--spacing--small);padding-bottom:var(--wp--preset--spacing--medium);padding-left:var(--wp--preset--spacing--small)\">\n<figure class=\"wp-block-image aligncenter size-full is-resized has-custom-border bk-duotone-primary is-style-default wp-duotone-unset-3\"><img loading=\"lazy\" decoding=\"async\" width=\"80\" height=\"80\" src=\"https:\/\/gotohaneda.com\/wp-content\/uploads\/2024\/08\/icon_reisen.png\" alt=\"\" class=\"has-border-color wp-image-31\" style=\"border-color:#8e8f8f;border-width:1px;border-radius:6px;box-shadow:none;aspect-ratio:1;object-fit:contain;width:70px\"\/><\/figure>\n\n\n\n<h5 class=\"wp-block-heading has-text-align-center has-montserrat-font-family\" style=\"padding-top:var(--wp--preset--spacing--xx-small);letter-spacing:-0.04em;line-height:1.1\">Texte \u00fcber Reisen<\/h5>\n<\/div>\n\n\n\n<div class=\"wp-block-column is-layout-flow wp-block-column-is-layout-flow\" style=\"padding-top:var(--wp--preset--spacing--medium);padding-right:var(--wp--preset--spacing--small);padding-bottom:var(--wp--preset--spacing--medium);padding-left:var(--wp--preset--spacing--small)\">\n<figure class=\"wp-block-image aligncenter size-full is-resized has-custom-border bk-duotone-primary is-style-default wp-duotone-unset-4\"><img loading=\"lazy\" decoding=\"async\" width=\"80\" height=\"80\" src=\"https:\/\/gotohaneda.com\/wp-content\/uploads\/2024\/08\/icon_lesen.png\" alt=\"\" class=\"has-border-color wp-image-37\" style=\"border-color:#8e8f8f;border-width:1px;border-radius:6px;box-shadow:none;aspect-ratio:1;object-fit:contain;width:70px\"\/><\/figure>\n\n\n\n<h5 class=\"wp-block-heading has-text-align-center\" style=\"padding-top:var(--wp--preset--spacing--xx-small);letter-spacing:-0.04em;line-height:1.1\">Texte \u00fcber Literatur<\/h5>\n<\/div>\n<\/div>\n<\/div>\n\n\n\n<p class=\"has-text-align-right has-montserrat-font-family\" style=\"font-size:39px\">&#8230;site under construction.<\/p>\n\n\n\n<p class=\"has-text-align-right\">(In der Zwischenzeit finden sich alle Texte <a href=\"https:\/\/chrigiz.wixsite.com\/gotohaneda\/\" data-type=\"link\" data-id=\"https:\/\/chrigiz.wixsite.com\/gotohaneda\/\">auf meiner alten Seite<\/a>.)<\/p>\n","protected":false},"excerpt":{"rendered":"<p>CHRISTOF ZURSCHMITTEN &amp; SEINE TEXTE Alle Texte, chronologisch Texte \u00fcber Spiele Texte \u00fcber Filme Literarische Texte Texte \u00fcber Reisen Texte \u00fcber Literatur &#8230;site under construction. (In der Zwischenzeit finden sich alle Texte auf meiner alten Seite.)<\/p>\n","protected":false},"author":1,"featured_media":0,"parent":0,"menu_order":0,"comment_status":"closed","ping_status":"closed","template":"","meta":{"footnotes":""},"class_list":["post-25","page","type-page","status-publish","hentry"],"_links":{"self":[{"href":"https:\/\/gotohaneda.com\/index.php?rest_route=\/wp\/v2\/pages\/25","targetHints":{"allow":["GET"]}}],"collection":[{"href":"https:\/\/gotohaneda.com\/index.php?rest_route=\/wp\/v2\/pages"}],"about":[{"href":"https:\/\/gotohaneda.com\/index.php?rest_route=\/wp\/v2\/types\/page"}],"author":[{"embeddable":true,"href":"https:\/\/gotohaneda.com\/index.php?rest_route=\/wp\/v2\/users\/1"}],"replies":[{"embeddable":true,"href":"https:\/\/gotohaneda.com\/index.php?rest_route=%2Fwp%2Fv2%2Fcomments&post=25"}],"version-history":[{"count":14,"href":"https:\/\/gotohaneda.com\/index.php?rest_route=\/wp\/v2\/pages\/25\/revisions"}],"predecessor-version":[{"id":109,"href":"https:\/\/gotohaneda.com\/index.php?rest_route=\/wp\/v2\/pages\/25\/revisions\/109"}],"wp:attachment":[{"href":"https:\/\/gotohaneda.com\/index.php?rest_route=%2Fwp%2Fv2%2Fmedia&parent=25"}],"curies":[{"name":"wp","href":"https:\/\/api.w.org\/{rel}","templated":true}]}}